{"id":163,"date":"2025-07-24T20:47:17","date_gmt":"2025-07-24T20:47:17","guid":{"rendered":"https:\/\/www.ba-eservice.info\/?page_id=163"},"modified":"2025-07-24T21:24:28","modified_gmt":"2025-07-24T21:24:28","slug":"laurent-keser","status":"publish","type":"page","link":"https:\/\/www.ba-eservice.info\/index.php\/laurent-keser\/","title":{"rendered":"Laurent Keser"},"content":{"rendered":"\n<div class=\"wp-block-cover alignfull\" style=\"min-height:50px;aspect-ratio:unset;\"><span aria-hidden=\"true\" class=\"wp-block-cover__background has-nv-site-bg-background-color has-background-dim-100 has-background-dim\"><\/span><div class=\"wp-block-cover__inner-container is-layout-flow wp-block-cover-is-layout-flow\">\n<p class=\"has-text-align-center has-large-font-size\"><\/p>\n<\/div><\/div>\n\n\n\n<div class=\"wp-block-cover alignfull\" style=\"min-height:600px;aspect-ratio:unset;\"><span aria-hidden=\"true\" class=\"wp-block-cover__background has-nv-light-bg-background-color has-background-dim-100 has-background-dim\"><\/span><div class=\"wp-block-cover__inner-container is-layout-flow wp-block-cover-is-layout-flow\">\n<p><\/p>\n\n\n\n<div class=\"wp-block-group\"><div class=\"wp-block-group__inner-container is-layout-flow wp-block-group-is-layout-flow\">\n<div style=\"height:0px\" aria-hidden=\"true\" class=\"wp-block-spacer\"><\/div>\n\n\n\n<div class=\"wp-block-columns are-vertically-aligned-center has-neve-text-color-color has-text-color is-layout-flex wp-container-core-columns-is-layout-9d6595d7 wp-block-columns-is-layout-flex\">\n<div class=\"wp-block-column is-vertically-aligned-center is-layout-flow wp-block-column-is-layout-flow\" style=\"padding-right:var(--wp--preset--spacing--30);padding-left:var(--wp--preset--spacing--30);flex-basis:50%\">\n<figure class=\"wp-block-image size-full is-resized has-custom-border\"><img loading=\"lazy\" decoding=\"async\" width=\"1024\" height=\"1536\" src=\"https:\/\/www.ba-eservice.info\/wp-content\/uploads\/2025\/07\/laurent.jpg\" alt=\"\" class=\"wp-image-186\" style=\"border-radius:16px;width:522px;height:auto\" srcset=\"https:\/\/www.ba-eservice.info\/wp-content\/uploads\/2025\/07\/laurent.jpg 1024w, https:\/\/www.ba-eservice.info\/wp-content\/uploads\/2025\/07\/laurent-200x300.jpg 200w, https:\/\/www.ba-eservice.info\/wp-content\/uploads\/2025\/07\/laurent-683x1024.jpg 683w, https:\/\/www.ba-eservice.info\/wp-content\/uploads\/2025\/07\/laurent-768x1152.jpg 768w\" sizes=\"auto, (max-width: 1024px) 100vw, 1024px\" \/><\/figure>\n<\/div>\n\n\n\n<div class=\"wp-block-column is-vertically-aligned-center is-layout-flow wp-block-column-is-layout-flow\" style=\"padding-top:0;padding-right:var(--wp--preset--spacing--30);padding-bottom:0;padding-left:var(--wp--preset--spacing--30);flex-basis:50%\">\n<h2 class=\"wp-block-heading has-neve-text-color-color has-text-color\">Laurent Keser<\/h2>\n\n\n\n<p class=\"has-neve-text-color-color has-text-color\"><strong>Technicien comportemental TEC-C, IBT<\/strong><br>Co-fondateur de BA-eService &#8211; Co-fondateur de Behavior Analysis Technology<\/p>\n\n\n\n<p class=\"has-neve-text-color-color has-text-color\"><\/p>\n\n\n\n<p>Apr\u00e8s un parcours en psychologie \u00e0 l\u2019Universit\u00e9 de Lille III puis un parcours en entreprise, il co-fonde <strong>BA-eService<\/strong> en 2009 avec Alexandra Lecestre. Depuis plus de 15 ans, il s&rsquo;engage \u00e0 rendre l\u2019analyse appliqu\u00e9e du comportement (ABA) <strong>plus accessible, plus rigoureuse et plus ancr\u00e9e dans la r\u00e9alit\u00e9 du terrain<\/strong>, aupr\u00e8s des professionnels comme des familles.<\/p>\n\n\n\n<p><strong>Intervention et supervision<\/strong><br>Au sein de BA-eService, Laurent intervient sur le terrain directement aupr\u00e8s des b\u00e9n\u00e9ficiaires et de leur familles, il forme les techniciens en analyse du comportement et accompagne la mise en \u0153uvre des interventions individualis\u00e9es. Il s\u2019assure de la qualit\u00e9 des donn\u00e9es, de la coh\u00e9rence des pratiques et du respect des standards scientifiques et \u00e9thiques.<\/p>\n\n\n\n<p><strong>Innovation : <a href=\"https:\/\/behavior-analysis-technology.com\/\">Behavior Analysis Technology<\/a> &amp; <a href=\"https:\/\/behavior-analysis-technology.com\/aba-assistant\/\">ABA-Assistant<\/a><\/strong><br>Laurent est le co-fondateur de <strong>Behavior Analysis Technology<\/strong>, soci\u00e9t\u00e9 qui d\u00e9veloppe la plateforme <strong>ABA-Assistant<\/strong> : un outil num\u00e9rique d\u00e9di\u00e9 \u00e0 la <strong>collecte, \u00e0 l\u2019analyse et \u00e0 la visualisation des donn\u00e9es comportementales<\/strong>.<br>Il con\u00e7oit \u00e9galement des outils d\u2019aide \u00e0 la supervision, \u00e0 la formation et \u00e0 la prise de d\u00e9cision, int\u00e9gr\u00e9s \u00e0 la plateforme et utilis\u00e9s aujourd\u2019hui dans plusieurs pays d\u2019Europe.<\/p>\n\n\n\n<p><strong>Engagement pour la structuration de la profession \u2013 ONPAC<\/strong><br>Membre fondateur, vice pr\u00e9sident de 2020 \u00e0 2024, de l\u2019<strong><a href=\"https:\/\/onpac.fr\/\">ONPAC<\/a> (Organisation Nationale des Professions de l\u2019Analyse du Comportement)<\/strong>, il oeuvre toujours au sein du Conseil d&rsquo;Administration et de diff\u00e9rentes commissions.<\/p>\n\n\n\n<p><strong>Diss\u00e9mination et traductions<\/strong><br>Engag\u00e9 dans la diffusion de l\u2019ABA, Laurent est co-traducteur :<br>\u2022 du <strong>Code de conformit\u00e9 professionnelle et d\u2019\u00e9thique du BACB\u00ae<\/strong><br>\u2022 des <strong>recommandations du Autism SIG (ABAI)<\/strong> pour les familles<br>\u2022 de <strong>Identifier les Intervention en Analyse Appliqu\u00e9e du Comportement (APBA)<\/strong><br>\u2022 de nombreux ouvrages et d&rsquo;outils r\u00e9f\u00e9rences en ABA<\/p>\n\n\n\n<p><strong>Pr\u00e9sentations et publications<\/strong><br>Laurent a pr\u00e9sent\u00e9 plusieurs posters scientifiques lors des conf\u00e9rences de l\u2019<strong>ABAI<\/strong> (Paris 2017, Stockholm 2019) et intervient r\u00e9guli\u00e8rement sur des sujets li\u00e9s \u00e0 la formation, \u00e0 la supervision et \u00e0 l\u2019\u00e9thique. Il est \u00e9galement co-auteur de publications et contenu de vulgarisation.<\/p>\n\n\n\n<p><strong>Certifications et sp\u00e9cialisations<\/strong><br>\u2022 <strong>TEC-C<\/strong> (Technicien en analyse du comportement certifi\u00e9 \u2013 ONPAC)<br>\u2022 <strong>IBT<\/strong> (IBAO)<br>\u2022 <strong>RBT<\/strong> (BACB) de 2015 \u00e0 2023<br>\u2022 <strong>Certification en OBM<\/strong> (Organizational Behavior Management \u2013 Florida Institute of Technology)<br>\u2022 <strong>TAGteach\u2122 Certified<\/strong> (enseignement par renforcement positif)<br>\u2022 Sp\u00e9cialis\u00e9 en formation, gestion de comportements-probl\u00e8mes, analyse fonctionnelle, collecte et interpr\u00e9tation des donn\u00e9es<\/p>\n\n\n\n<p><strong>Une vision : des outils accessibles, une pratique fond\u00e9e sur les preuves<\/strong><br>\u00c0 la crois\u00e9e des savoirs scientifiques, de l\u2019innovation technologique et de l\u2019engagement \u00e9thique, Laurent \u0153uvre pour une <strong>ABA praticable, fiable et socialement significative<\/strong>, au service de l\u2019autonomie des b\u00e9n\u00e9ficiaires et de la professionnalisation du secteur.<\/p>\n<\/div>\n<\/div>\n\n\n\n<div style=\"height:0px\" aria-hidden=\"true\" class=\"wp-block-spacer\"><\/div>\n<\/div><\/div>\n<\/div><\/div>\n\n\n\n<p><\/p>\n","protected":false},"excerpt":{"rendered":"","protected":false},"author":3,"featured_media":0,"parent":0,"menu_order":0,"comment_status":"closed","ping_status":"closed","template":"","meta":{"neve_meta_sidebar":"","neve_meta_container":"","neve_meta_enable_content_width":"","neve_meta_content_width":0,"neve_meta_title_alignment":"","neve_meta_author_avatar":"","neve_post_elements_order":"","neve_meta_disable_header":"","neve_meta_disable_footer":"","neve_meta_disable_title":"","footnotes":""},"class_list":["post-163","page","type-page","status-publish","hentry"],"_links":{"self":[{"href":"https:\/\/www.ba-eservice.info\/index.php\/wp-json\/wp\/v2\/pages\/163","targetHints":{"allow":["GET"]}}],"collection":[{"href":"https:\/\/www.ba-eservice.info\/index.php\/wp-json\/wp\/v2\/pages"}],"about":[{"href":"https:\/\/www.ba-eservice.info\/index.php\/wp-json\/wp\/v2\/types\/page"}],"author":[{"embeddable":true,"href":"https:\/\/www.ba-eservice.info\/index.php\/wp-json\/wp\/v2\/users\/3"}],"replies":[{"embeddable":true,"href":"https:\/\/www.ba-eservice.info\/index.php\/wp-json\/wp\/v2\/comments?post=163"}],"version-history":[{"count":3,"href":"https:\/\/www.ba-eservice.info\/index.php\/wp-json\/wp\/v2\/pages\/163\/revisions"}],"predecessor-version":[{"id":191,"href":"https:\/\/www.ba-eservice.info\/index.php\/wp-json\/wp\/v2\/pages\/163\/revisions\/191"}],"wp:attachment":[{"href":"https:\/\/www.ba-eservice.info\/index.php\/wp-json\/wp\/v2\/media?parent=163"}],"curies":[{"name":"wp","href":"https:\/\/api.w.org\/{rel}","templated":true}]}}