{"id":156,"date":"2025-07-24T20:47:26","date_gmt":"2025-07-24T20:47:26","guid":{"rendered":"https:\/\/www.ba-eservice.info\/?page_id=156"},"modified":"2025-07-24T21:23:59","modified_gmt":"2025-07-24T21:23:59","slug":"alexandralecestre","status":"publish","type":"page","link":"https:\/\/www.ba-eservice.info\/index.php\/alexandralecestre\/","title":{"rendered":"Alexandra Lecestre"},"content":{"rendered":"\n<div class=\"wp-block-cover alignfull\" style=\"min-height:50px;aspect-ratio:unset;\"><span aria-hidden=\"true\" class=\"wp-block-cover__background has-nv-site-bg-background-color has-background-dim-100 has-background-dim\"><\/span><div class=\"wp-block-cover__inner-container is-layout-flow wp-block-cover-is-layout-flow\">\n<p class=\"has-text-align-center has-large-font-size\"><\/p>\n<\/div><\/div>\n\n\n\n<div class=\"wp-block-cover alignfull\" style=\"min-height:600px;aspect-ratio:unset;\"><span aria-hidden=\"true\" class=\"wp-block-cover__background has-nv-light-bg-background-color has-background-dim-100 has-background-dim\"><\/span><div class=\"wp-block-cover__inner-container is-layout-flow wp-block-cover-is-layout-flow\">\n<p><\/p>\n\n\n\n<div class=\"wp-block-group\"><div class=\"wp-block-group__inner-container is-layout-flow wp-block-group-is-layout-flow\">\n<div style=\"height:0px\" aria-hidden=\"true\" class=\"wp-block-spacer\"><\/div>\n\n\n\n<div class=\"wp-block-columns are-vertically-aligned-center has-neve-text-color-color has-text-color is-layout-flex wp-container-core-columns-is-layout-9d6595d7 wp-block-columns-is-layout-flex\">\n<div class=\"wp-block-column is-vertically-aligned-center is-layout-flow wp-block-column-is-layout-flow\" style=\"padding-right:var(--wp--preset--spacing--30);padding-left:var(--wp--preset--spacing--30);flex-basis:50%\">\n<figure class=\"wp-block-image size-full has-custom-border\"><img loading=\"lazy\" decoding=\"async\" width=\"1024\" height=\"1536\" src=\"https:\/\/www.ba-eservice.info\/wp-content\/uploads\/2025\/07\/alex.jpg\" alt=\"\" class=\"wp-image-185\" style=\"border-radius:16px\" srcset=\"https:\/\/www.ba-eservice.info\/wp-content\/uploads\/2025\/07\/alex.jpg 1024w, https:\/\/www.ba-eservice.info\/wp-content\/uploads\/2025\/07\/alex-200x300.jpg 200w, https:\/\/www.ba-eservice.info\/wp-content\/uploads\/2025\/07\/alex-683x1024.jpg 683w, https:\/\/www.ba-eservice.info\/wp-content\/uploads\/2025\/07\/alex-768x1152.jpg 768w\" sizes=\"auto, (max-width: 1024px) 100vw, 1024px\" \/><\/figure>\n<\/div>\n\n\n\n<div class=\"wp-block-column is-vertically-aligned-center is-layout-flow wp-block-column-is-layout-flow\" style=\"padding-top:0;padding-right:var(--wp--preset--spacing--30);padding-bottom:0;padding-left:var(--wp--preset--spacing--30);flex-basis:50%\">\n<h2 class=\"wp-block-heading has-neve-text-color-color has-text-color\">Alexandra Lecestre<\/h2>\n\n\n\n<p class=\"has-neve-text-color-color has-text-color\"><strong>Psychologue \u2013 Analyste du comportement certifi\u00e9e BCBA, IBA et ACC-A<\/strong><br>Co-fondatrice de BA-eService &#8211; Co-fondatice de Behavior Analysis Technology<\/p>\n\n\n\n<p class=\"has-neve-text-color-color has-text-color\"><\/p>\n\n\n\n<p>Alexandra Lecestre est psychologue sp\u00e9cialis\u00e9e en <strong>analyse appliqu\u00e9e du comportement (ABA)<\/strong>, titulaire du <strong>Master 2 de psychologie de l\u2019enfance et de l\u2019adolescence et analyse appliqu\u00e9e du comportement<\/strong> (Universit\u00e9 de Lille III \u2013 Charles De Gaulle, 2008).<br>Elle est certifi\u00e9e <strong>BCBA<\/strong> (Behavior Analyst Certification Board\u00ae), <strong>IBA<\/strong> (International Behavior Analyst Organization) et <strong>ACC-A<\/strong> (ONPAC), et affili\u00e9e \u00e0 plusieurs organisations internationales (ABAI, APBA, EABA).<\/p>\n\n\n\n<p>Passionn\u00e9e par les sciences du comportement, Alexandra d\u00e9couvre l\u2019ABA d\u00e8s sa deuxi\u00e8me ann\u00e9e d\u2019universit\u00e9, lors d\u2019un stage en \u00e9cole maternelle. Depuis, elle n\u2019a cess\u00e9 de se former et de faire progresser les pratiques, \u00e0 travers une intervention clinique exigeante, une activit\u00e9 de supervision reconnue et un engagement fort dans la diffusion des connaissances.<\/p>\n\n\n\n<p>Elle poss\u00e8de une <strong>exp\u00e9rience de terrain de plus de 20 ans<\/strong>, aupr\u00e8s de personnes pr\u00e9sentant des troubles du spectre de l\u2019autisme, du polyhandicap, des syndromes rares (Rett, West, X fragile\u2026), du TDAH ou encore de troubles du comportement complexes.<\/p>\n\n\n\n<p>Aujourd\u2019hui, elle supervise les interventions de BA-eService, forme et supervise des techniciens et de futurs analystes du comportement. Elle assure \u00e9galement le suivi de nombreux b\u00e9n\u00e9ficiaires enfants, adolescents et adultes. Elle intervient \u00e0 domicile, en milieu scolaire, institutionnel ou professionnel, avec une exigence constante de qualit\u00e9, d&rsquo;\u00e9thique, de respect des donn\u00e9es et des derni\u00e8res avanc\u00e9es scientifiques.<\/p>\n\n\n\n<p>Alexandra est \u00e9galement <strong>investie dans la professionnalisation de l\u2019ABA en France<\/strong> :<br>\u2022 Membre active de l\u2019<strong><a href=\"https:\/\/onpac.fr\/\">ONPAC<\/a><\/strong>, notamment en tant que mod\u00e9ratrice au sein de la <strong>commission \u00e9thique<\/strong> qui a r\u00e9dig\u00e9 le <strong>code de D\u00e9ontologie &#8211; Les responsabilit\u00e9s et les conduites des Professionnels de l&rsquo;Analyse<br>du Comportement <\/strong><br>\u2022 <strong>Co-fondatrice de BA-eService<\/strong> et de la plateforme de suivi <a href=\"https:\/\/behavior-analysis-technology.com\/aba-assistant\/\"><strong>ABA-Assistant<\/strong><\/a><br>\u2022 Pr\u00e9sentatrice de <strong>posters scientifiques \u00e0 l\u2019ABAI<\/strong> (Paris, Stockholm)<br>\u2022 <strong>Traductrice<\/strong> de documents professionnels de r\u00e9f\u00e9rence (code \u00e9thique du BACB\u00ae, Autism SIG, Vineland II\u2026) et de livre r\u00e9f\u00e9rence (Cooper, Miltenberger, Bailey&#8230;)<br>\u2022 <strong>Formatrice vacataire \u00e0 l\u2019universit\u00e9<\/strong>, intervenante en conf\u00e9rences, et participante \u00e0 plusieurs projets de diffusion (publication, <a href=\"https:\/\/youtu.be\/Jhr4SjF9ap0\">documentaire TV<\/a>)<\/p>\n\n\n\n<p>Toujours en veille scientifique, elle continue \u00e0 se former (PRT, ESDM\u2026) et \u00e0 faire progresser les pratiques ABA en France, dans un souci constant de <strong>qualit\u00e9, d\u2019\u00e9thique et d\u2019impact social positif<\/strong>.<\/p>\n<\/div>\n<\/div>\n\n\n\n<div style=\"height:0px\" aria-hidden=\"true\" class=\"wp-block-spacer\"><\/div>\n<\/div><\/div>\n<\/div><\/div>\n\n\n\n<p><\/p>\n","protected":false},"excerpt":{"rendered":"","protected":false},"author":3,"featured_media":0,"parent":0,"menu_order":0,"comment_status":"closed","ping_status":"closed","template":"","meta":{"neve_meta_sidebar":"","neve_meta_container":"","neve_meta_enable_content_width":"","neve_meta_content_width":0,"neve_meta_title_alignment":"","neve_meta_author_avatar":"","neve_post_elements_order":"","neve_meta_disable_header":"","neve_meta_disable_footer":"","neve_meta_disable_title":"","footnotes":""},"class_list":["post-156","page","type-page","status-publish","hentry"],"_links":{"self":[{"href":"https:\/\/www.ba-eservice.info\/index.php\/wp-json\/wp\/v2\/pages\/156","targetHints":{"allow":["GET"]}}],"collection":[{"href":"https:\/\/www.ba-eservice.info\/index.php\/wp-json\/wp\/v2\/pages"}],"about":[{"href":"https:\/\/www.ba-eservice.info\/index.php\/wp-json\/wp\/v2\/types\/page"}],"author":[{"embeddable":true,"href":"https:\/\/www.ba-eservice.info\/index.php\/wp-json\/wp\/v2\/users\/3"}],"replies":[{"embeddable":true,"href":"https:\/\/www.ba-eservice.info\/index.php\/wp-json\/wp\/v2\/comments?post=156"}],"version-history":[{"count":6,"href":"https:\/\/www.ba-eservice.info\/index.php\/wp-json\/wp\/v2\/pages\/156\/revisions"}],"predecessor-version":[{"id":190,"href":"https:\/\/www.ba-eservice.info\/index.php\/wp-json\/wp\/v2\/pages\/156\/revisions\/190"}],"wp:attachment":[{"href":"https:\/\/www.ba-eservice.info\/index.php\/wp-json\/wp\/v2\/media?parent=156"}],"curies":[{"name":"wp","href":"https:\/\/api.w.org\/{rel}","templated":true}]}}