{"id":108,"date":"2025-07-24T20:47:08","date_gmt":"2025-07-24T20:47:08","guid":{"rendered":"https:\/\/www.ba-eservice.info\/?page_id=108"},"modified":"2025-07-24T20:51:35","modified_gmt":"2025-07-24T20:51:35","slug":"nos-services","status":"publish","type":"page","link":"https:\/\/www.ba-eservice.info\/index.php\/nos-services\/","title":{"rendered":"Nos services"},"content":{"rendered":"\n<div class=\"wp-block-cover alignfull\" style=\"min-height:320px;aspect-ratio:unset;\"><span aria-hidden=\"true\" class=\"wp-block-cover__background has-nv-site-bg-background-color has-background-dim-100 has-background-dim\"><\/span><div class=\"wp-block-cover__inner-container is-layout-flow wp-block-cover-is-layout-flow\">\n<div class=\"wp-block-group\" style=\"padding-right:var(--wp--preset--spacing--30);padding-left:var(--wp--preset--spacing--30)\"><div class=\"wp-block-group__inner-container is-layout-flow wp-block-group-is-layout-flow\">\n<h1 class=\"wp-block-heading has-text-align-left has-neve-text-color-color has-text-color\">Nos services<\/h1>\n<\/div><\/div>\n<\/div><\/div>\n\n\n\n<div class=\"wp-block-cover alignfull\" style=\"min-height:600px;aspect-ratio:unset;\"><span aria-hidden=\"true\" class=\"wp-block-cover__background has-nv-light-bg-background-color has-background-dim-100 has-background-dim\"><\/span><div class=\"wp-block-cover__inner-container is-layout-flow wp-block-cover-is-layout-flow\">\n<div class=\"wp-block-group\"><div class=\"wp-block-group__inner-container is-layout-flow wp-block-group-is-layout-flow\">\n<div style=\"height:0px\" aria-hidden=\"true\" class=\"wp-block-spacer\"><\/div>\n\n\n\n<div class=\"wp-block-columns are-vertically-aligned-center has-neve-text-color-color has-text-color is-layout-flex wp-container-core-columns-is-layout-9d6595d7 wp-block-columns-is-layout-flex\">\n<div class=\"wp-block-column is-vertically-aligned-center is-layout-flow wp-block-column-is-layout-flow\" style=\"padding-right:var(--wp--preset--spacing--30);padding-left:var(--wp--preset--spacing--30);flex-basis:50%\">\n<figure class=\"wp-block-image size-full has-custom-border\"><img loading=\"lazy\" decoding=\"async\" width=\"940\" height=\"788\" src=\"https:\/\/www.ba-eservice.info\/wp-content\/uploads\/2025\/07\/Design-sans-titre-1-1.png\" alt=\"\" class=\"wp-image-113\" style=\"border-radius:16px\" srcset=\"https:\/\/www.ba-eservice.info\/wp-content\/uploads\/2025\/07\/Design-sans-titre-1-1.png 940w, https:\/\/www.ba-eservice.info\/wp-content\/uploads\/2025\/07\/Design-sans-titre-1-1-300x251.png 300w, https:\/\/www.ba-eservice.info\/wp-content\/uploads\/2025\/07\/Design-sans-titre-1-1-768x644.png 768w\" sizes=\"auto, (max-width: 940px) 100vw, 940px\" \/><\/figure>\n<\/div>\n\n\n\n<div class=\"wp-block-column is-vertically-aligned-center is-layout-flow wp-block-column-is-layout-flow\" style=\"padding-top:0;padding-right:var(--wp--preset--spacing--30);padding-bottom:0;padding-left:var(--wp--preset--spacing--30);flex-basis:50%\">\n<h2 class=\"wp-block-heading has-neve-text-color-color has-text-color\">Nos interventions : individualis\u00e9es, \u00e9thiques et centr\u00e9es sur la personne<\/h2>\n\n\n\n<p>Nous proposons des interventions individualis\u00e9es fond\u00e9es sur l\u2019analyse appliqu\u00e9e du comportement (ABA), accessibles dans un rayon de 250 km autour de Nancy (soit la r\u00e9gion Grand Est). Aucune attente de diagnostic n\u2019est n\u00e9cessaire pour d\u00e9buter : nous intervenons d\u00e8s l\u2019apparition de troubles du comportement, du d\u00e9veloppement ou de l\u2019apprentissage, afin d&rsquo;agir le plus t\u00f4t possible.<\/p>\n\n\n\n<p>Chaque accompagnement commence par une \u00e9valuation des comp\u00e9tences et\/ou une \u00e9valuation fonctionnelle, men\u00e9e par notre psychologue, pour d\u00e9finir ensemble des objectifs concrets et adapt\u00e9s. Les interventions sont r\u00e9alis\u00e9es en 1 pour 1 par un technicien comportemental, \u00e0 domicile, en milieu scolaire\/institutionnel ou en milieu professionnel, et sont rigoureusement suivies gr\u00e2ce \u00e0 notre plateforme num\u00e9rique de donn\u00e9es : ABA-assistant.<\/p>\n\n\n\n<p><strong>\u00c0 domicile<\/strong> : travail des comp\u00e9tences, autonomie, comportements et guidance parentale pour une coh\u00e9rence dans les apprentissages.<br><strong>En millieu scolaire\/institutionnel<\/strong> : observations, adaptations, conseils concrets et accompagnement des professionnels sur site.<br><strong>Job coaching<\/strong> : accompagnement vers l\u2019autonomie professionnelle, avec pr\u00e9paration au poste, apprentissage des t\u00e2ches, gestion des interactions sociales et des routines de travail.<\/p>\n\n\n\n<p class=\"has-neve-text-color-color has-text-color\">Nos pratiques reposent sur des m\u00e9thodes valid\u00e9es scientifiquement. Chaque programme est individualis\u00e9, supervis\u00e9, mis \u00e0 jour r\u00e9guli\u00e8rement, et centr\u00e9 sur le respect et les besoins de la personne.<\/p>\n\n\n\n<div class=\"wp-block-buttons has-custom-font-size has-small-font-size is-content-justification-left is-layout-flex wp-container-core-buttons-is-layout-fdcfc74e wp-block-buttons-is-layout-flex\">\n<div class=\"wp-block-button is-style-default\"><a class=\"wp-block-button__link has-nv-text-dark-bg-color has-neve-link-color-background-color has-text-color has-background has-link-color has-custom-font-size wp-element-button\" href=\"https:\/\/www.ba-eservice.info\/contact\/\" style=\"font-size:16px\">Contactez nous<\/a><\/div>\n<\/div>\n<\/div>\n<\/div>\n\n\n\n<div style=\"height:0px\" aria-hidden=\"true\" class=\"wp-block-spacer\"><\/div>\n<\/div><\/div>\n<\/div><\/div>\n\n\n\n<div class=\"wp-block-cover alignfull\" style=\"min-height:600px;aspect-ratio:unset;\"><span aria-hidden=\"true\" class=\"wp-block-cover__background has-nv-dark-bg-background-color has-background-dim-100 has-background-dim\"><\/span><div class=\"wp-block-cover__inner-container is-layout-flow wp-block-cover-is-layout-flow\">\n<div class=\"wp-block-group\"><div class=\"wp-block-group__inner-container is-layout-flow wp-block-group-is-layout-flow\">\n<div style=\"height:0px\" aria-hidden=\"true\" class=\"wp-block-spacer\"><\/div>\n\n\n\n<div class=\"wp-block-columns are-vertically-aligned-center is-layout-flex wp-container-core-columns-is-layout-9d6595d7 wp-block-columns-is-layout-flex\">\n<div class=\"wp-block-column is-vertically-aligned-center is-layout-flow wp-block-column-is-layout-flow\" style=\"padding-right:var(--wp--preset--spacing--30);padding-left:var(--wp--preset--spacing--30);flex-basis:50%\">\n<h2 class=\"wp-block-heading has-nv-text-dark-bg-color has-text-color\">Supervision et mentorat professionnels en analyse appliqu\u00e9e du comportement<\/h2>\n\n\n\n<p class=\"has-nv-site-bg-color has-text-color has-link-color wp-elements-8ce7bc2197366ac53fd94e0353c553a9\">Notre psychologue \u2013 <strong>analyste du comportement certifi\u00e9e BCBA, ACC-A et IBA<\/strong> \u2013 propose des services de supervision et de mentorat adapt\u00e9s aux besoins des professionnels en formation ou en exercice.<\/p>\n\n\n\n<p class=\"has-nv-site-bg-color has-text-color has-link-color wp-elements-332c9c410a30adcd5ce8e7e3434658f2\">\ud83d\udd0e <strong>Certification et supervision<\/strong><br>Vous \u00eates en cours de certification aupr\u00e8s de l&rsquo;<a href=\"https:\/\/onpac.fr\/\">ONPAC<\/a>, le <a href=\"https:\/\/www.bacb.com\/\">BACB<\/a> ou l&rsquo;<a href=\"https:\/\/theibao.com\/\">IBAO<\/a> ? Nous proposons une supervision rigoureuse, fond\u00e9e sur les standards internationaux et les exigences des organismes de certification. Chaque accompagnement est individualis\u00e9, centr\u00e9 sur le d\u00e9veloppement des comp\u00e9tences professionnelles, l\u2019analyse de la pratique et l\u2019\u00e9thique.<\/p>\n\n\n\n<p class=\"has-nv-site-bg-color has-text-color has-link-color wp-elements-391041aefb728af668e2c8cb3c617824\"><strong>Maintien des comp\u00e9tences<\/strong> <strong>et de certification<\/strong><br>Pour les professionnels d\u00e9j\u00e0 certifi\u00e9s, nous proposons un accompagnement \u00e0 la pratique r\u00e9flexive, \u00e0 l\u2019actualisation des connaissances scientifiques, \u00e0 l\u2019analyse des donn\u00e9es et \u00e0 la prise de d\u00e9cision clinique fond\u00e9e sur les preuves.<\/p>\n\n\n\n<p class=\"has-nv-site-bg-color has-text-color has-link-color wp-elements-97847b64afbf88c35e1ae511e7a641a8\"><strong>Mentorat professionnel<\/strong><br>Nos accompagnements peuvent \u00e9galement prendre la forme d\u2019un <strong>mentorat sur mesure<\/strong>, pour r\u00e9fl\u00e9chir \u00e0 sa pratique, structurer ses interventions, d\u00e9velopper un service, ou renforcer son positionnement \u00e9thique.<\/p>\n\n\n\n<p class=\"has-nv-text-dark-bg-color has-text-color\">Les s\u00e9ances peuvent se d\u00e9rouler \u00e0 distance ou en pr\u00e9sentiel (selon la localisation), avec des modalit\u00e9s flexibles et document\u00e9es, r\u00e9pondant aux standards attendus par les organismes de certification.<\/p>\n\n\n\n<div style=\"height:20px\" aria-hidden=\"true\" class=\"wp-block-spacer\"><\/div>\n\n\n\n<div class=\"wp-block-buttons has-custom-font-size has-small-font-size is-content-justification-left is-layout-flex wp-container-core-buttons-is-layout-fdcfc74e wp-block-buttons-is-layout-flex\">\n<div class=\"wp-block-button is-style-default\"><a class=\"wp-block-button__link has-nv-text-dark-bg-color has-neve-link-color-background-color has-text-color has-background has-link-color has-custom-font-size wp-element-button\" href=\"https:\/\/www.ba-eservice.info\/contact\/\" style=\"font-size:16px\">Contactez nous<\/a><\/div>\n<\/div>\n\n\n\n<div style=\"height:20px\" aria-hidden=\"true\" class=\"wp-block-spacer\"><\/div>\n<\/div>\n\n\n\n<div class=\"wp-block-column is-vertically-aligned-center is-layout-flow wp-block-column-is-layout-flow\" style=\"padding-right:var(--wp--preset--spacing--30);padding-left:var(--wp--preset--spacing--30);flex-basis:50%\">\n<figure class=\"wp-block-image size-full has-custom-border\"><img loading=\"lazy\" decoding=\"async\" width=\"940\" height=\"788\" src=\"https:\/\/www.ba-eservice.info\/wp-content\/uploads\/2025\/07\/Design-sans-titre-2.png\" alt=\"\" class=\"wp-image-114\" style=\"border-radius:16px\" srcset=\"https:\/\/www.ba-eservice.info\/wp-content\/uploads\/2025\/07\/Design-sans-titre-2.png 940w, https:\/\/www.ba-eservice.info\/wp-content\/uploads\/2025\/07\/Design-sans-titre-2-300x251.png 300w, https:\/\/www.ba-eservice.info\/wp-content\/uploads\/2025\/07\/Design-sans-titre-2-768x644.png 768w\" sizes=\"auto, (max-width: 940px) 100vw, 940px\" \/><\/figure>\n<\/div>\n<\/div>\n\n\n\n<div style=\"height:0px\" aria-hidden=\"true\" class=\"wp-block-spacer\"><\/div>\n<\/div><\/div>\n<\/div><\/div>\n\n\n\n<div class=\"wp-block-cover alignfull\" style=\"min-height:600px;aspect-ratio:unset;\"><span aria-hidden=\"true\" class=\"wp-block-cover__background has-nv-light-bg-background-color has-background-dim-100 has-background-dim\"><\/span><div class=\"wp-block-cover__inner-container is-layout-flow wp-block-cover-is-layout-flow\">\n<div class=\"wp-block-group\"><div class=\"wp-block-group__inner-container is-layout-flow wp-block-group-is-layout-flow\">\n<div style=\"height:0px\" aria-hidden=\"true\" class=\"wp-block-spacer\"><\/div>\n\n\n\n<div class=\"wp-block-columns are-vertically-aligned-center has-neve-text-color-color has-text-color is-layout-flex wp-container-core-columns-is-layout-9d6595d7 wp-block-columns-is-layout-flex\">\n<div class=\"wp-block-column is-vertically-aligned-center is-layout-flow wp-block-column-is-layout-flow\" style=\"padding-right:var(--wp--preset--spacing--30);padding-left:var(--wp--preset--spacing--30);flex-basis:50%\">\n<figure class=\"wp-block-image size-full has-custom-border\"><img loading=\"lazy\" decoding=\"async\" width=\"940\" height=\"788\" src=\"https:\/\/www.ba-eservice.info\/wp-content\/uploads\/2025\/07\/Design-sans-titre-3.png\" alt=\"\" class=\"wp-image-115\" style=\"border-radius:16px\" srcset=\"https:\/\/www.ba-eservice.info\/wp-content\/uploads\/2025\/07\/Design-sans-titre-3.png 940w, https:\/\/www.ba-eservice.info\/wp-content\/uploads\/2025\/07\/Design-sans-titre-3-300x251.png 300w, https:\/\/www.ba-eservice.info\/wp-content\/uploads\/2025\/07\/Design-sans-titre-3-768x644.png 768w\" sizes=\"auto, (max-width: 940px) 100vw, 940px\" \/><\/figure>\n<\/div>\n\n\n\n<div class=\"wp-block-column is-vertically-aligned-center is-layout-flow wp-block-column-is-layout-flow\" style=\"padding-top:0;padding-right:var(--wp--preset--spacing--30);padding-bottom:0;padding-left:var(--wp--preset--spacing--30);flex-basis:50%\">\n<h2 class=\"wp-block-heading has-neve-text-color-color has-text-color\">Engager pour la diffusion de l\u2019analyse du comportement<\/h2>\n\n\n\n<p>Nous consid\u00e9rons que diffuser une analyse du comportement rigoureuse et accessible est un devoir \u00e9thique autant qu\u2019un engagement professionnel.<\/p>\n\n\n\n<p><strong>Participation active \u00e0 la diss\u00e9mination<\/strong><br>Notre \u00e9quipe contribue \u00e0 la diffusion des connaissances scientifiques \u00e0 travers de nombreuses actions :<br>\u2022 Pr\u00e9sentations de <strong>posters scientifiques<\/strong> dans des congr\u00e8s sp\u00e9cialis\u00e9s<br>\u2022 Interventions lors de <strong>conf\u00e9rences professionnelles<\/strong> et d\u2019\u00e9v\u00e9nements de formation<br>\u2022 <strong>Traduction de livres<\/strong> et de <strong>documents de r\u00e9f\u00e9rence<\/strong> en analyse du comportement<br>\u2022 Participation \u00e0 des <strong>reportages<\/strong> ou projets de vulgarisation<br>\u2022 Participation<strong> directe et active dans la cr\u00e9ation et les commissions de l\u2019<a href=\"https:\/\/onpac.fr\/\">ONPAC<\/a><\/strong> (Organisation Nationale des Professions de l\u2019Analyse du Comportement), afin de structurer la profession et garantir des pratiques \u00e9thiques et fond\u00e9es sur les preuves<\/p>\n\n\n\n<p class=\"has-neve-text-color-color has-text-color\">Toutes ces actions ont un objectif commun : <strong>partager les connaissances, lutter contre la d\u00e9sinformation, et promouvoir une ABA accessible, scientifique et respectueuse<\/strong>.<\/p>\n\n\n\n<div class=\"wp-block-buttons has-custom-font-size has-small-font-size is-content-justification-left is-layout-flex wp-container-core-buttons-is-layout-fdcfc74e wp-block-buttons-is-layout-flex\">\n<div class=\"wp-block-button is-style-default\"><a class=\"wp-block-button__link has-nv-text-dark-bg-color has-neve-link-color-background-color has-text-color has-background has-link-color has-custom-font-size wp-element-button\" href=\"https:\/\/www.ba-eservice.info\/contact\/\" style=\"font-size:16px\">Contactez nous<\/a><\/div>\n<\/div>\n<\/div>\n<\/div>\n\n\n\n<div style=\"height:0px\" aria-hidden=\"true\" class=\"wp-block-spacer\"><\/div>\n<\/div><\/div>\n<\/div><\/div>\n\n\n\n<p><\/p>\n\n\n\n<h2 class=\"wp-block-heading\">Retrouver nos participations<\/h2>\n\n\n\n<div class=\"wp-block-cb-carousel-v2 cb-carousel-block\" data-cb-slides-per-view=\"1\" data-cb-slides-per-group=\"1\" data-cb-space-between=\"15\" data-cb-speed=\"200\" data-cb-navigation=\"true\" data-cb-loop=\"true\" data-cb-autoplay=\"true\" data-cb-autoplay-speed=\"3000\" data-cb-breakpoints=\"{&quot;768&quot;:{&quot;slidesPerView&quot;:3,&quot;slidesPerGroup&quot;:1}}\"><div class=\"swiper\"><div class=\"cb-wrapper swiper-wrapper\">\n<div class=\"wp-block-cb-slide-v2 cb-slide swiper-slide\">\n<div class=\"wp-block-media-text is-stacked-on-mobile has-medium-font-size\"><figure class=\"wp-block-media-text__media\"><a href=\"https:\/\/www.aba-online.fr\/livres\/ethique-pour-analystes-du-comportement-146\"><img loading=\"lazy\" decoding=\"async\" width=\"625\" height=\"625\" src=\"https:\/\/www.ba-eservice.info\/wp-content\/uploads\/2025\/07\/01JCJSJ6QEMZ5YGVFAJGXAWDR8.png\" alt=\"\" class=\"wp-image-132 size-full\" srcset=\"https:\/\/www.ba-eservice.info\/wp-content\/uploads\/2025\/07\/01JCJSJ6QEMZ5YGVFAJGXAWDR8.png 625w, https:\/\/www.ba-eservice.info\/wp-content\/uploads\/2025\/07\/01JCJSJ6QEMZ5YGVFAJGXAWDR8-300x300.png 300w, https:\/\/www.ba-eservice.info\/wp-content\/uploads\/2025\/07\/01JCJSJ6QEMZ5YGVFAJGXAWDR8-150x150.png 150w\" sizes=\"auto, (max-width: 625px) 100vw, 625px\" \/><\/a><\/figure><div class=\"wp-block-media-text__content\">\n<h3 class=\"wp-block-heading has-medium-font-size\">\u00c9thique pour Analystes du Comportement<\/h3>\n\n\n\n<p class=\"has-small-font-size\">Auteurs : Jon S. Bailey et Mary R. Burch<\/p>\n<\/div><\/div>\n<\/div>\n\n\n\n<div class=\"wp-block-cb-slide-v2 cb-slide swiper-slide\">\n<div class=\"wp-block-media-text is-stacked-on-mobile\"><figure class=\"wp-block-media-text__media\"><a href=\"https:\/\/www.aba-online.fr\/livres\/analyse-appliquee-du-comportement-148\"><img loading=\"lazy\" decoding=\"async\" width=\"625\" height=\"625\" src=\"https:\/\/www.ba-eservice.info\/wp-content\/uploads\/2025\/07\/01JCJSF8XAC260XHT4WV17SA0H.png\" alt=\"\" class=\"wp-image-129 size-full\" srcset=\"https:\/\/www.ba-eservice.info\/wp-content\/uploads\/2025\/07\/01JCJSF8XAC260XHT4WV17SA0H.png 625w, https:\/\/www.ba-eservice.info\/wp-content\/uploads\/2025\/07\/01JCJSF8XAC260XHT4WV17SA0H-300x300.png 300w, https:\/\/www.ba-eservice.info\/wp-content\/uploads\/2025\/07\/01JCJSF8XAC260XHT4WV17SA0H-150x150.png 150w\" sizes=\"auto, (max-width: 625px) 100vw, 625px\" \/><\/a><\/figure><div class=\"wp-block-media-text__content\">\n<h3 class=\"wp-block-heading has-medium-font-size\">Analyse Appliqu\u00e9e du Comportement<\/h3>\n\n\n\n<p class=\"has-small-font-size\">Auteurs : John O. Cooper &#8211; Timothy E. Heron &#8211; William L. Heward<\/p>\n<\/div><\/div>\n<\/div>\n\n\n\n<div class=\"wp-block-cb-slide-v2 cb-slide swiper-slide\">\n<div class=\"wp-block-media-text is-stacked-on-mobile is-vertically-aligned-center\"><figure class=\"wp-block-media-text__media\"><a href=\"https:\/\/boutique.behavior-analysis-technology.com\/boutique\/logiciel\/aba-assistant\/\"><img loading=\"lazy\" decoding=\"async\" width=\"1024\" height=\"578\" src=\"https:\/\/www.ba-eservice.info\/wp-content\/uploads\/2025\/07\/Aba-Assistant2-1024x578.jpg\" alt=\"\" class=\"wp-image-127 size-full\" srcset=\"https:\/\/www.ba-eservice.info\/wp-content\/uploads\/2025\/07\/Aba-Assistant2-1024x578.jpg 1024w, https:\/\/www.ba-eservice.info\/wp-content\/uploads\/2025\/07\/Aba-Assistant2-300x169.jpg 300w, https:\/\/www.ba-eservice.info\/wp-content\/uploads\/2025\/07\/Aba-Assistant2-768x434.jpg 768w, https:\/\/www.ba-eservice.info\/wp-content\/uploads\/2025\/07\/Aba-Assistant2.jpg 1500w\" sizes=\"auto, (max-width: 1024px) 100vw, 1024px\" \/><\/a><\/figure><div class=\"wp-block-media-text__content\">\n<p class=\"has-medium-font-size\"><strong>Plateforme de donn\u00e9es ABA<\/strong><\/p>\n\n\n\n<p class=\"has-small-font-size\">Vos donn\u00e9es, vos graph, votre communication en 1 clic!<\/p>\n<\/div><\/div>\n<\/div>\n\n\n\n<div class=\"wp-block-cb-slide-v2 cb-slide swiper-slide\">\n<div class=\"wp-block-media-text is-stacked-on-mobile\"><figure class=\"wp-block-media-text__media\"><a href=\"https:\/\/behavior-analysis-technology.myspreadshop.fr\/all\"><img loading=\"lazy\" decoding=\"async\" width=\"500\" height=\"500\" src=\"https:\/\/www.ba-eservice.info\/wp-content\/uploads\/2025\/07\/study-aba-t-shirt-premium-homme.jpg\" alt=\"\" class=\"wp-image-128 size-full\" srcset=\"https:\/\/www.ba-eservice.info\/wp-content\/uploads\/2025\/07\/study-aba-t-shirt-premium-homme.jpg 500w, https:\/\/www.ba-eservice.info\/wp-content\/uploads\/2025\/07\/study-aba-t-shirt-premium-homme-300x300.jpg 300w, https:\/\/www.ba-eservice.info\/wp-content\/uploads\/2025\/07\/study-aba-t-shirt-premium-homme-150x150.jpg 150w\" sizes=\"auto, (max-width: 500px) 100vw, 500px\" \/><\/a><\/figure><div class=\"wp-block-media-text__content\">\n<p class=\"has-medium-font-size\"><strong>Toute la mode de l&rsquo;ABA!<\/strong><\/p>\n\n\n\n<p class=\"has-small-font-size\">Retrouver plein de produits sur le th\u00e8me de l&rsquo;ABA<\/p>\n\n\n\n<p><\/p>\n<\/div><\/div>\n<\/div>\n\n\n\n<div class=\"wp-block-cb-slide-v2 cb-slide swiper-slide\">\n<div class=\"wp-block-media-text is-stacked-on-mobile\"><figure class=\"wp-block-media-text__media\"><a href=\"https:\/\/www.aba-online.fr\/livres\/aba-visualise-208\"><img loading=\"lazy\" decoding=\"async\" width=\"523\" height=\"522\" src=\"https:\/\/www.ba-eservice.info\/wp-content\/uploads\/2025\/07\/01JWXWQRXADW2S7HQ7J4DCJAR3.jpg\" alt=\"\" class=\"wp-image-130 size-full\" srcset=\"https:\/\/www.ba-eservice.info\/wp-content\/uploads\/2025\/07\/01JWXWQRXADW2S7HQ7J4DCJAR3.jpg 523w, https:\/\/www.ba-eservice.info\/wp-content\/uploads\/2025\/07\/01JWXWQRXADW2S7HQ7J4DCJAR3-300x300.jpg 300w, https:\/\/www.ba-eservice.info\/wp-content\/uploads\/2025\/07\/01JWXWQRXADW2S7HQ7J4DCJAR3-150x150.jpg 150w\" sizes=\"auto, (max-width: 523px) 100vw, 523px\" \/><\/a><\/figure><div class=\"wp-block-media-text__content\">\n<h3 class=\"wp-block-heading has-medium-font-size\">ABA Visualis\u00e9<\/h3>\n\n\n\n<p class=\"has-small-font-size\">Auteurs : Van Diepen<\/p>\n<\/div><\/div>\n<\/div>\n\n\n\n<div class=\"wp-block-cb-slide-v2 cb-slide swiper-slide\">\n<div class=\"wp-block-media-text is-stacked-on-mobile\"><figure class=\"wp-block-media-text__media\"><a href=\"https:\/\/www.aba-online.fr\/livres\/modification-du-comportement-147\"><img loading=\"lazy\" decoding=\"async\" width=\"536\" height=\"563\" src=\"https:\/\/www.ba-eservice.info\/wp-content\/uploads\/2025\/07\/01K0VMZGPVFK86C40WMVNVHYF5.jpg\" alt=\"\" class=\"wp-image-131 size-full\" srcset=\"https:\/\/www.ba-eservice.info\/wp-content\/uploads\/2025\/07\/01K0VMZGPVFK86C40WMVNVHYF5.jpg 536w, https:\/\/www.ba-eservice.info\/wp-content\/uploads\/2025\/07\/01K0VMZGPVFK86C40WMVNVHYF5-286x300.jpg 286w\" sizes=\"auto, (max-width: 536px) 100vw, 536px\" \/><\/a><\/figure><div class=\"wp-block-media-text__content\">\n<h3 class=\"wp-block-heading has-medium-font-size\">Modification du Comportement<\/h3>\n\n\n\n<p class=\"has-small-font-size\">Auteurs : Raymond G. Miltenberger<\/p>\n<\/div><\/div>\n<\/div>\n<\/div><\/div><div class=\"cb-button-prev swiper-button-prev\"><\/div><div class=\"cb-button-next swiper-button-next\"><\/div><\/div>\n","protected":false},"excerpt":{"rendered":"<p>Retrouver nos participations<\/p>\n","protected":false},"author":3,"featured_media":0,"parent":0,"menu_order":0,"comment_status":"closed","ping_status":"closed","template":"","meta":{"neve_meta_sidebar":"","neve_meta_container":"","neve_meta_enable_content_width":"","neve_meta_content_width":0,"neve_meta_title_alignment":"","neve_meta_author_avatar":"","neve_post_elements_order":"","neve_meta_disable_header":"","neve_meta_disable_footer":"","neve_meta_disable_title":"on","footnotes":""},"class_list":["post-108","page","type-page","status-publish","hentry"],"_links":{"self":[{"href":"https:\/\/www.ba-eservice.info\/index.php\/wp-json\/wp\/v2\/pages\/108","targetHints":{"allow":["GET"]}}],"collection":[{"href":"https:\/\/www.ba-eservice.info\/index.php\/wp-json\/wp\/v2\/pages"}],"about":[{"href":"https:\/\/www.ba-eservice.info\/index.php\/wp-json\/wp\/v2\/types\/page"}],"author":[{"embeddable":true,"href":"https:\/\/www.ba-eservice.info\/index.php\/wp-json\/wp\/v2\/users\/3"}],"replies":[{"embeddable":true,"href":"https:\/\/www.ba-eservice.info\/index.php\/wp-json\/wp\/v2\/comments?post=108"}],"version-history":[{"count":24,"href":"https:\/\/www.ba-eservice.info\/index.php\/wp-json\/wp\/v2\/pages\/108\/revisions"}],"predecessor-version":[{"id":146,"href":"https:\/\/www.ba-eservice.info\/index.php\/wp-json\/wp\/v2\/pages\/108\/revisions\/146"}],"wp:attachment":[{"href":"https:\/\/www.ba-eservice.info\/index.php\/wp-json\/wp\/v2\/media?parent=108"}],"curies":[{"name":"wp","href":"https:\/\/api.w.org\/{rel}","templated":true}]}}